{"id":379,"date":"2024-02-19T09:02:49","date_gmt":"2024-02-19T08:02:49","guid":{"rendered":"https:\/\/kinusevilla.com\/?page_id=379"},"modified":"2025-07-01T12:53:02","modified_gmt":"2025-07-01T10:53:02","slug":"localizacion","status":"publish","type":"page","link":"https:\/\/kinusevilla.com\/en\/localizacion\/","title":{"rendered":"Japanese restaurant specialising in Sushi"},"content":{"rendered":"\t\t<div data-elementor-type=\"wp-page\" data-elementor-id=\"379\" class=\"elementor elementor-379\" data-elementor-post-type=\"page\">\n\t\t\t\t\t\t<section class=\"elementor-section elementor-top-section elementor-element elementor-element-01127a3 elementor-section-full_width elementor-section-content-middle elementor-section-height-default elementor-section-height-default\" data-id=\"01127a3\" data-element_type=\"section\" data-e-type=\"section\">\n\t\t\t\t\t\t<div class=\"elementor-container elementor-column-gap-no\">\n\t\t\t\t\t<div class=\"elementor-column elementor-col-100 elementor-top-column elementor-element elementor-element-ace6a93\" data-id=\"ace6a93\" data-element_type=\"column\" data-e-type=\"column\" data-settings=\"{&quot;background_background&quot;:&quot;classic&quot;}\">\n\t\t\t<div class=\"elementor-widget-wrap elementor-element-populated\">\n\t\t\t\t\t\t<div class=\"elementor-element elementor-element-9a1bec6 elementor-widget elementor-widget-heading\" data-id=\"9a1bec6\" data-element_type=\"widget\" data-e-type=\"widget\" data-settings=\"{&quot;motion_fx_motion_fx_scrolling&quot;:&quot;yes&quot;,&quot;motion_fx_devices&quot;:[&quot;desktop&quot;,&quot;tablet&quot;,&quot;mobile&quot;]}\" data-widget_type=\"heading.default\">\n\t\t\t\t<div class=\"elementor-widget-container\">\n\t\t\t\t\t<h2 class=\"elementor-heading-title elementor-size-default\">\u00bfD\u00f3nde encontrarnos?<\/h2>\t\t\t\t<\/div>\n\t\t\t\t<\/div>\n\t\t\t\t<section class=\"elementor-section elementor-inner-section elementor-element elementor-element-e7ca54c elementor-section-boxed elementor-section-height-default elementor-section-height-default\" data-id=\"e7ca54c\" data-element_type=\"section\" data-e-type=\"section\">\n\t\t\t\t\t\t<div class=\"elementor-container elementor-column-gap-default\">\n\t\t\t\t\t<div class=\"elementor-column elementor-col-100 elementor-inner-column elementor-element elementor-element-e5f4d46\" data-id=\"e5f4d46\" data-element_type=\"column\" data-e-type=\"column\">\n\t\t\t<div class=\"elementor-widget-wrap elementor-element-populated\">\n\t\t\t\t\t\t<div class=\"elementor-element elementor-element-96cc4ef elementor-widget elementor-widget-shortcode\" data-id=\"96cc4ef\" data-element_type=\"widget\" data-e-type=\"widget\" data-widget_type=\"shortcode.default\">\n\t\t\t\t<div class=\"elementor-widget-container\">\n\t\t\t\t\t\t\t<div class=\"elementor-shortcode\"><iframe \n   data-src=\"https:\/\/www.google.com\/maps\/embed?pb=!1m18!1m12!1m3!1d6340.508534024128!2d-5.9931819!3d37.383818700000006!2m3!1f0!2f0!3f0!3m2!1i1024!2i768!4f13.1!3m3!1m2!1s0xd126d03a3630967%3A0xa24d458abaa8ae36!2sKINU%20Sevilla!5e0!3m2!1ses!2ses!4v1716902427908!5m2!1ses!2ses\"\n    width=\"600\" \n    height=\"450\" \n    style=\"border:0;\" \n    allowfullscreen=\"\" \n    referrerpolicy=\"no-referrer-when-downgrade\" src=\"data:image\/svg+xml;base64,PHN2ZyB3aWR0aD0iMSIgaGVpZ2h0PSIxIiB4bWxucz0iaHR0cDovL3d3dy53My5vcmcvMjAwMC9zdmciPjwvc3ZnPg==\" class=\"lazyload\" data-load-mode=\"1\">\n<\/iframe><\/div>\n\t\t\t\t\t\t<\/div>\n\t\t\t\t<\/div>\n\t\t\t\t\t<\/div>\n\t\t<\/div>\n\t\t\t\t\t<\/div>\n\t\t<\/section>\n\t\t\t\t<div class=\"elementor-element elementor-element-200e817 elementor-mobile-align-justify elementor-align-center elementor-widget elementor-widget-button\" data-id=\"200e817\" data-element_type=\"widget\" data-e-type=\"widget\" data-widget_type=\"button.default\">\n\t\t\t\t<div class=\"elementor-widget-container\">\n\t\t\t\t\t\t\t\t\t<div class=\"elementor-button-wrapper\">\n\t\t\t\t\t<a class=\"elementor-button elementor-button-link elementor-size-sm\" href=\"https:\/\/maps.app.goo.gl\/rdg1D9gJQPv37uAa6\" target=\"_blank\" rel=\"nofollow\">\n\t\t\t\t\t\t<span class=\"elementor-button-content-wrapper\">\n\t\t\t\t\t\t<span class=\"elementor-button-icon\">\n\t\t\t\t<i aria-hidden=\"true\" class=\"fas fa-map-marked-alt\"><\/i>\t\t\t<\/span>\n\t\t\t\t\t\t\t\t\t<span class=\"elementor-button-text\">Aqu\u00ed<\/span>\n\t\t\t\t\t<\/span>\n\t\t\t\t\t<\/a>\n\t\t\t\t<\/div>\n\t\t\t\t\t\t\t\t<\/div>\n\t\t\t\t<\/div>\n\t\t\t\t<div class=\"elementor-element elementor-element-9db7593 elementor-widget elementor-widget-spacer\" data-id=\"9db7593\" data-element_type=\"widget\" data-e-type=\"widget\" data-widget_type=\"spacer.default\">\n\t\t\t\t<div class=\"elementor-widget-container\">\n\t\t\t\t\t\t\t<div class=\"elementor-spacer\">\n\t\t\t<div class=\"elementor-spacer-inner\"><\/div>\n\t\t<\/div>\n\t\t\t\t\t\t<\/div>\n\t\t\t\t<\/div>\n\t\t\t\t\t<\/div>\n\t\t<\/div>\n\t\t\t\t\t<\/div>\n\t\t<\/section>\n\t\t\t\t<section class=\"elementor-section elementor-top-section elementor-element elementor-element-5515b9e enlaces-oscuros elementor-section-boxed elementor-section-height-default elementor-section-height-default\" data-id=\"5515b9e\" data-element_type=\"section\" data-e-type=\"section\" data-settings=\"{&quot;motion_fx_motion_fx_scrolling&quot;:&quot;yes&quot;,&quot;motion_fx_devices&quot;:[&quot;desktop&quot;,&quot;tablet&quot;,&quot;mobile&quot;]}\">\n\t\t\t\t\t\t<div class=\"elementor-container elementor-column-gap-default\">\n\t\t\t\t\t<div class=\"elementor-column elementor-col-100 elementor-top-column elementor-element elementor-element-7bd4dc6\" data-id=\"7bd4dc6\" data-element_type=\"column\" data-e-type=\"column\">\n\t\t\t<div class=\"elementor-widget-wrap elementor-element-populated\">\n\t\t\t\t\t\t<div class=\"elementor-element elementor-element-3fb6443 elementor-widget elementor-widget-heading\" data-id=\"3fb6443\" data-element_type=\"widget\" data-e-type=\"widget\" data-settings=\"{&quot;motion_fx_motion_fx_scrolling&quot;:&quot;yes&quot;,&quot;motion_fx_devices&quot;:[&quot;desktop&quot;,&quot;tablet&quot;,&quot;mobile&quot;]}\" data-widget_type=\"heading.default\">\n\t\t\t\t<div class=\"elementor-widget-container\">\n\t\t\t\t\t<h2 class=\"elementor-heading-title elementor-size-default\">Informaci\u00f3n de Inter\u00e9s:<\/h2>\t\t\t\t<\/div>\n\t\t\t\t<\/div>\n\t\t\t\t<section class=\"elementor-section elementor-inner-section elementor-element elementor-element-5db2e23 elementor-section-boxed elementor-section-height-default elementor-section-height-default\" data-id=\"5db2e23\" data-element_type=\"section\" data-e-type=\"section\">\n\t\t\t\t\t\t<div class=\"elementor-container elementor-column-gap-default\">\n\t\t\t\t\t<div class=\"elementor-column elementor-col-33 elementor-inner-column elementor-element elementor-element-38a3662\" data-id=\"38a3662\" data-element_type=\"column\" data-e-type=\"column\">\n\t\t\t<div class=\"elementor-widget-wrap elementor-element-populated\">\n\t\t\t\t\t\t<div class=\"elementor-element elementor-element-2943321 elementor-widget elementor-widget-heading\" data-id=\"2943321\" data-element_type=\"widget\" data-e-type=\"widget\" data-settings=\"{&quot;motion_fx_motion_fx_scrolling&quot;:&quot;yes&quot;,&quot;motion_fx_devices&quot;:[&quot;desktop&quot;,&quot;tablet&quot;,&quot;mobile&quot;]}\" data-widget_type=\"heading.default\">\n\t\t\t\t<div class=\"elementor-widget-container\">\n\t\t\t\t\t<h3 class=\"elementor-heading-title elementor-size-default\">Horario del Restaurante<\/h3>\t\t\t\t<\/div>\n\t\t\t\t<\/div>\n\t\t\t\t<div class=\"elementor-element elementor-element-5cd0829 elementor-mobile-align-center elementor-icon-list--layout-traditional elementor-list-item-link-full_width elementor-widget elementor-widget-icon-list\" data-id=\"5cd0829\" data-element_type=\"widget\" data-e-type=\"widget\" data-widget_type=\"icon-list.default\">\n\t\t\t\t<div class=\"elementor-widget-container\">\n\t\t\t\t\t\t\t<ul class=\"elementor-icon-list-items\">\n\t\t\t\t\t\t\t<li class=\"elementor-icon-list-item\">\n\t\t\t\t\t\t\t\t\t\t<span class=\"elementor-icon-list-text\">Lunes 13:30- 15:30, 19:30-23:00<\/span>\n\t\t\t\t\t\t\t\t\t<\/li>\n\t\t\t\t\t\t\t\t<li class=\"elementor-icon-list-item\">\n\t\t\t\t\t\t\t\t\t\t<span class=\"elementor-icon-list-text\">Martes 13:30- 15:30, 19:30-23:00<\/span>\n\t\t\t\t\t\t\t\t\t<\/li>\n\t\t\t\t\t\t\t\t<li class=\"elementor-icon-list-item\">\n\t\t\t\t\t\t\t\t\t\t<span class=\"elementor-icon-list-text\">Mi\u00e9rcoles 13:30- 15:30, 19:30-23:00<\/span>\n\t\t\t\t\t\t\t\t\t<\/li>\n\t\t\t\t\t\t\t\t<li class=\"elementor-icon-list-item\">\n\t\t\t\t\t\t\t\t\t\t<span class=\"elementor-icon-list-text\">Jueves 13:30- 15:30, 19:30-23:00<\/span>\n\t\t\t\t\t\t\t\t\t<\/li>\n\t\t\t\t\t\t\t\t<li class=\"elementor-icon-list-item\">\n\t\t\t\t\t\t\t\t\t\t<span class=\"elementor-icon-list-text\">Viernes 13:30- 15:30, 19:30-23:00<\/span>\n\t\t\t\t\t\t\t\t\t<\/li>\n\t\t\t\t\t\t\t\t<li class=\"elementor-icon-list-item\">\n\t\t\t\t\t\t\t\t\t\t<span class=\"elementor-icon-list-text\">S\u00e1bado 13:30- 15:30, 19:30-23:00<\/span>\n\t\t\t\t\t\t\t\t\t<\/li>\n\t\t\t\t\t\t\t\t<li class=\"elementor-icon-list-item\">\n\t\t\t\t\t\t\t\t\t\t<span class=\"elementor-icon-list-text\">Domingo 13:30- 15:30, 19:30-23:00<\/span>\n\t\t\t\t\t\t\t\t\t<\/li>\n\t\t\t\t\t\t<\/ul>\n\t\t\t\t\t\t<\/div>\n\t\t\t\t<\/div>\n\t\t\t\t\t<\/div>\n\t\t<\/div>\n\t\t\t\t<div class=\"elementor-column elementor-col-33 elementor-inner-column elementor-element elementor-element-ba45919\" data-id=\"ba45919\" data-element_type=\"column\" data-e-type=\"column\">\n\t\t\t<div class=\"elementor-widget-wrap elementor-element-populated\">\n\t\t\t\t\t\t<div class=\"elementor-element elementor-element-285ce77 elementor-widget elementor-widget-heading\" data-id=\"285ce77\" data-element_type=\"widget\" data-e-type=\"widget\" data-settings=\"{&quot;motion_fx_motion_fx_scrolling&quot;:&quot;yes&quot;,&quot;motion_fx_devices&quot;:[&quot;desktop&quot;,&quot;tablet&quot;,&quot;mobile&quot;]}\" data-widget_type=\"heading.default\">\n\t\t\t\t<div class=\"elementor-widget-container\">\n\t\t\t\t\t<h3 class=\"elementor-heading-title elementor-size-default\">Direcci\u00f3n<\/h3>\t\t\t\t<\/div>\n\t\t\t\t<\/div>\n\t\t\t\t<div class=\"elementor-element elementor-element-9de1fd1 elementor-mobile-align-center elementor-icon-list--layout-traditional elementor-list-item-link-full_width elementor-widget elementor-widget-icon-list\" data-id=\"9de1fd1\" data-element_type=\"widget\" data-e-type=\"widget\" data-widget_type=\"icon-list.default\">\n\t\t\t\t<div class=\"elementor-widget-container\">\n\t\t\t\t\t\t\t<ul class=\"elementor-icon-list-items\">\n\t\t\t\t\t\t\t<li class=\"elementor-icon-list-item\">\n\t\t\t\t\t\t\t\t\t\t\t<a href=\"https:\/\/www.google.com\/maps?cid=11695080269490466358\">\n\n\t\t\t\t\t\t\t\t\t\t\t<span class=\"elementor-icon-list-text\">C. Miguel Ma\u00f1ara, 11, Casco Antiguo, 41004 Sevilla<\/span>\n\t\t\t\t\t\t\t\t\t\t\t<\/a>\n\t\t\t\t\t\t\t\t\t<\/li>\n\t\t\t\t\t\t\t\t<li class=\"elementor-icon-list-item\">\n\t\t\t\t\t\t\t\t\t\t\t<a href=\"tel:649919379\">\n\n\t\t\t\t\t\t\t\t\t\t\t<span class=\"elementor-icon-list-text\">649 91 9379<\/span>\n\t\t\t\t\t\t\t\t\t\t\t<\/a>\n\t\t\t\t\t\t\t\t\t<\/li>\n\t\t\t\t\t\t\t\t<li class=\"elementor-icon-list-item\">\n\t\t\t\t\t\t\t\t\t\t\t<a href=\"mailto:reservas@kinusevilla.com\">\n\n\t\t\t\t\t\t\t\t\t\t\t<span class=\"elementor-icon-list-text\">reservas@kinusevilla.com<\/span>\n\t\t\t\t\t\t\t\t\t\t\t<\/a>\n\t\t\t\t\t\t\t\t\t<\/li>\n\t\t\t\t\t\t<\/ul>\n\t\t\t\t\t\t<\/div>\n\t\t\t\t<\/div>\n\t\t\t\t\t<\/div>\n\t\t<\/div>\n\t\t\t\t<div class=\"elementor-column elementor-col-33 elementor-inner-column elementor-element elementor-element-915f8ab\" data-id=\"915f8ab\" data-element_type=\"column\" data-e-type=\"column\">\n\t\t\t<div class=\"elementor-widget-wrap elementor-element-populated\">\n\t\t\t\t\t\t<div class=\"elementor-element elementor-element-45f2477 elementor-widget elementor-widget-heading\" data-id=\"45f2477\" data-element_type=\"widget\" data-e-type=\"widget\" data-settings=\"{&quot;motion_fx_motion_fx_scrolling&quot;:&quot;yes&quot;,&quot;motion_fx_devices&quot;:[&quot;desktop&quot;,&quot;tablet&quot;,&quot;mobile&quot;]}\" data-widget_type=\"heading.default\">\n\t\t\t\t<div class=\"elementor-widget-container\">\n\t\t\t\t\t<h3 class=\"elementor-heading-title elementor-size-default\">C\u00f3mo llegar<\/h3>\t\t\t\t<\/div>\n\t\t\t\t<\/div>\n\t\t\t\t<div class=\"elementor-element elementor-element-9d150c0 elementor-mobile-align-center elementor-icon-list--layout-traditional elementor-list-item-link-full_width elementor-widget elementor-widget-icon-list\" data-id=\"9d150c0\" data-element_type=\"widget\" data-e-type=\"widget\" data-widget_type=\"icon-list.default\">\n\t\t\t\t<div class=\"elementor-widget-container\">\n\t\t\t\t\t\t\t<ul class=\"elementor-icon-list-items\">\n\t\t\t\t\t\t\t<li class=\"elementor-icon-list-item\">\n\t\t\t\t\t\t\t\t\t\t\t<a href=\"https:\/\/www.google.com\/maps\/place\/KINU+Sevilla\/@37.3849801,-5.9943602,16.38z\/data=!4m14!1m7!3m6!1s0xd126d03a3630967:0xa24d458abaa8ae36!2sKINU+Sevilla!8m2!3d37.3838187!4d-5.9931819!16s%2Fg%2F11t3hvvymk!3m5!1s0xd126d03a3630967:0xa24d458abaa8ae36!8m2!3d37.3838187!4d-5.9931819!16s%2Fg%2F11t3hvvymk?entry=ttu\">\n\n\t\t\t\t\t\t\t\t\t\t\t<span class=\"elementor-icon-list-text\">37.383949, -5.993186<\/span>\n\t\t\t\t\t\t\t\t\t\t\t<\/a>\n\t\t\t\t\t\t\t\t\t<\/li>\n\t\t\t\t\t\t\t\t<li class=\"elementor-icon-list-item\">\n\t\t\t\t\t\t\t\t\t\t\t<a href=\"https:\/\/www.google.com\/maps\/dir\/Torre+del+Oro,+Paseo+de+Crist%C3%B3bal+Col%C3%B3n,+Sevilla\/&#039;&#039;\/@37.383023,-5.9960757,18z\/data=!3m1!4b1!4m14!4m13!1m5!1m1!1s0xd126c16af11db65:0x7504999e77d24fe5!2m2!1d-5.9962652!2d37.3824569!1m5!1m1!1s0xd126d03a3630967:0xa24d458abaa8ae36!2m2!1d-5.9931819!2d37.3838187!3e2?entry=ttu\">\n\n\t\t\t\t\t\t\t\t\t\t\t<span class=\"elementor-icon-list-text\">Desde la Torre del Oro<\/span>\n\t\t\t\t\t\t\t\t\t\t\t<\/a>\n\t\t\t\t\t\t\t\t\t<\/li>\n\t\t\t\t\t\t\t\t<li class=\"elementor-icon-list-item\">\n\t\t\t\t\t\t\t\t\t\t\t<a href=\"https:\/\/www.google.com\/maps\/dir\/Santa+Justa,+Calle+Joaquin+Morales+y+Torres,+Sevilla\/&#039;&#039;\/@37.3881102,-5.9888402,16z\/data=!3m1!4b1!4m14!4m13!1m5!1m1!1s0xd126ea585ca9fc9:0x1f6ab089fe7a10b4!2m2!1d-5.9749377!2d37.3923848!1m5!1m1!1s0xd126d03a3630967:0xa24d458abaa8ae36!2m2!1d-5.9931819!2d37.3838187!3e2?entry=ttu\">\n\n\t\t\t\t\t\t\t\t\t\t\t<span class=\"elementor-icon-list-text\">Desde Sevilla \u2013 Santa Justa<\/span>\n\t\t\t\t\t\t\t\t\t\t\t<\/a>\n\t\t\t\t\t\t\t\t\t<\/li>\n\t\t\t\t\t\t\t\t<li class=\"elementor-icon-list-item\">\n\t\t\t\t\t\t\t\t\t\t\t<a href=\"https:\/\/www.google.com\/maps\/dir\/Puente+de+Isabel+II+(Puente+de+Triana),+Puente+de+Isabel+II,+30,+41010+Sevilla\/&#039;&#039;\/@37.3851947,-5.9998713,17z\/data=!3m1!4b1!4m14!4m13!1m5!1m1!1s0xd126c136e2b90a5:0x4c0bcc574dff2913!2m2!1d-6.0023751!2d37.3863268!1m5!1m1!1s0xd126d03a3630967:0xa24d458abaa8ae36!2m2!1d-5.9931819!2d37.3838187!3e2?entry=ttu\">\n\n\t\t\t\t\t\t\t\t\t\t\t<span class=\"elementor-icon-list-text\">Desde el Puente de Triana<\/span>\n\t\t\t\t\t\t\t\t\t\t\t<\/a>\n\t\t\t\t\t\t\t\t\t<\/li>\n\t\t\t\t\t\t<\/ul>\n\t\t\t\t\t\t<\/div>\n\t\t\t\t<\/div>\n\t\t\t\t\t<\/div>\n\t\t<\/div>\n\t\t\t\t\t<\/div>\n\t\t<\/section>\n\t\t\t\t\t<\/div>\n\t\t<\/div>\n\t\t\t\t\t<\/div>\n\t\t<\/section>\n\t\t\t\t<\/div>\n\t\t","protected":false},"excerpt":{"rendered":"<p>\u00bfD\u00f3nde encontrarnos? Aqu\u00ed Informaci\u00f3n de Inter\u00e9s: Horario del Restaurante Lunes 13:30- 15:30, 19:30-23:00 Martes 13:30- 15:30, 19:30-23:00 Mi\u00e9rcoles 13:30- 15:30, 19:30-23:00 Jueves 13:30- 15:30, 19:30-23:00 Viernes 13:30- 15:30, 19:30-23:00 S\u00e1bado 13:30- 15:30, 19:30-23:00 Domingo 13:30- 15:30, 19:30-23:00 Direcci\u00f3n C. Miguel Ma\u00f1ara, 11, Casco Antiguo, 41004 Sevilla 649 91 9379 reservas@kinusevilla.com C\u00f3mo llegar 37.383949, -5.993186 Desde [&hellip;]<\/p>\n","protected":false},"author":2,"featured_media":430,"parent":0,"menu_order":0,"comment_status":"closed","ping_status":"closed","template":"","meta":{"_acf_changed":false,"footnotes":""},"class_list":["post-379","page","type-page","status-publish","has-post-thumbnail","hentry"],"acf":[],"yoast_head":"<!-- This site is optimized with the Yoast SEO plugin v27.3 - https:\/\/yoast.com\/product\/yoast-seo-wordpress\/ -->\n<title>Kinu - Restaurante de Japones especializado en Sushi<\/title>\n<meta name=\"description\" content=\"C. Miguel Ma\u00f1ara, 11, Casco Antiguo, 41004 Sevilla | Lunes - Mi\u00e9rcoles 19:00\u201323:00 | Jueves - Domingo 13:30\u201316:00\/ 19:00\u201323:00 | Tel\u00e9fono: 649 91 93 79\" \/>\n<meta name=\"robots\" content=\"index, follow, max-snippet:-1, max-image-preview:large, max-video-preview:-1\" \/>\n<link rel=\"canonical\" href=\"https:\/\/kinusevilla.com\/en\/localizacion\/\" \/>\n<meta property=\"og:locale\" content=\"en_GB\" \/>\n<meta property=\"og:type\" content=\"article\" \/>\n<meta property=\"og:title\" content=\"Kinu - Restaurante de Japones especializado en Sushi\" \/>\n<meta property=\"og:description\" content=\"C. Miguel Ma\u00f1ara, 11, Casco Antiguo, 41004 Sevilla | Lunes - Mi\u00e9rcoles 19:00\u201323:00 | Jueves - Domingo 13:30\u201316:00\/ 19:00\u201323:00 | Tel\u00e9fono: 649 91 93 79\" \/>\n<meta property=\"og:url\" content=\"https:\/\/kinusevilla.com\/en\/localizacion\/\" \/>\n<meta property=\"og:site_name\" content=\"Kinu\" \/>\n<meta property=\"article:publisher\" content=\"https:\/\/www.facebook.com\/kinusevilla\/\" \/>\n<meta property=\"article:modified_time\" content=\"2025-07-01T10:53:02+00:00\" \/>\n<meta property=\"og:image\" content=\"https:\/\/kinusevilla.com\/wp-content\/uploads\/2024\/02\/DSC2794-scaled.jpg\" \/>\n\t<meta property=\"og:image:width\" content=\"2560\" \/>\n\t<meta property=\"og:image:height\" content=\"1442\" \/>\n\t<meta property=\"og:image:type\" content=\"image\/jpeg\" \/>\n<meta name=\"twitter:card\" content=\"summary_large_image\" \/>\n<meta name=\"twitter:site\" content=\"@kinusevilla\" \/>\n<meta name=\"twitter:label1\" content=\"Estimated reading time\" \/>\n\t<meta name=\"twitter:data1\" content=\"1 minute\" \/>\n<script type=\"application\/ld+json\" class=\"yoast-schema-graph\">{\"@context\":\"https:\\\/\\\/schema.org\",\"@graph\":[{\"@type\":\"WebPage\",\"@id\":\"https:\\\/\\\/kinusevilla.com\\\/localizacion\\\/\",\"url\":\"https:\\\/\\\/kinusevilla.com\\\/localizacion\\\/\",\"name\":\"Kinu - Restaurante de Japones especializado en Sushi\",\"isPartOf\":{\"@id\":\"https:\\\/\\\/kinusevilla.com\\\/#website\"},\"primaryImageOfPage\":{\"@id\":\"https:\\\/\\\/kinusevilla.com\\\/localizacion\\\/#primaryimage\"},\"image\":{\"@id\":\"https:\\\/\\\/kinusevilla.com\\\/localizacion\\\/#primaryimage\"},\"thumbnailUrl\":\"https:\\\/\\\/kinusevilla.com\\\/wp-content\\\/uploads\\\/2024\\\/02\\\/DSC2794-scaled.jpg\",\"datePublished\":\"2024-02-19T08:02:49+00:00\",\"dateModified\":\"2025-07-01T10:53:02+00:00\",\"description\":\"C. Miguel Ma\u00f1ara, 11, Casco Antiguo, 41004 Sevilla | Lunes - Mi\u00e9rcoles 19:00\u201323:00 | Jueves - Domingo 13:30\u201316:00\\\/ 19:00\u201323:00 | Tel\u00e9fono: 649 91 93 79\",\"breadcrumb\":{\"@id\":\"https:\\\/\\\/kinusevilla.com\\\/localizacion\\\/#breadcrumb\"},\"inLanguage\":\"en-GB\",\"potentialAction\":[{\"@type\":\"ReadAction\",\"target\":[\"https:\\\/\\\/kinusevilla.com\\\/localizacion\\\/\"]}]},{\"@type\":\"ImageObject\",\"inLanguage\":\"en-GB\",\"@id\":\"https:\\\/\\\/kinusevilla.com\\\/localizacion\\\/#primaryimage\",\"url\":\"https:\\\/\\\/kinusevilla.com\\\/wp-content\\\/uploads\\\/2024\\\/02\\\/DSC2794-scaled.jpg\",\"contentUrl\":\"https:\\\/\\\/kinusevilla.com\\\/wp-content\\\/uploads\\\/2024\\\/02\\\/DSC2794-scaled.jpg\",\"width\":2560,\"height\":1442},{\"@type\":\"BreadcrumbList\",\"@id\":\"https:\\\/\\\/kinusevilla.com\\\/localizacion\\\/#breadcrumb\",\"itemListElement\":[{\"@type\":\"ListItem\",\"position\":1,\"name\":\"Home\",\"item\":\"https:\\\/\\\/kinusevilla.com\\\/\"},{\"@type\":\"ListItem\",\"position\":2,\"name\":\"Restaurante de Japones especializado en Sushi\"}]},{\"@type\":\"WebSite\",\"@id\":\"https:\\\/\\\/kinusevilla.com\\\/#website\",\"url\":\"https:\\\/\\\/kinusevilla.com\\\/\",\"name\":\"Kinu\",\"description\":\"Restaurante Japones en Sevilla\",\"publisher\":{\"@id\":\"https:\\\/\\\/kinusevilla.com\\\/#organization\"},\"potentialAction\":[{\"@type\":\"SearchAction\",\"target\":{\"@type\":\"EntryPoint\",\"urlTemplate\":\"https:\\\/\\\/kinusevilla.com\\\/?s={search_term_string}\"},\"query-input\":{\"@type\":\"PropertyValueSpecification\",\"valueRequired\":true,\"valueName\":\"search_term_string\"}}],\"inLanguage\":\"en-GB\"},{\"@type\":\"Organization\",\"@id\":\"https:\\\/\\\/kinusevilla.com\\\/#organization\",\"name\":\"Kinu\",\"url\":\"https:\\\/\\\/kinusevilla.com\\\/\",\"logo\":{\"@type\":\"ImageObject\",\"inLanguage\":\"en-GB\",\"@id\":\"https:\\\/\\\/kinusevilla.com\\\/#\\\/schema\\\/logo\\\/image\\\/\",\"url\":\"https:\\\/\\\/kinusevilla.com\\\/wp-content\\\/uploads\\\/2023\\\/08\\\/kinu-logo.png\",\"contentUrl\":\"https:\\\/\\\/kinusevilla.com\\\/wp-content\\\/uploads\\\/2023\\\/08\\\/kinu-logo.png\",\"width\":1340,\"height\":2049,\"caption\":\"Kinu\"},\"image\":{\"@id\":\"https:\\\/\\\/kinusevilla.com\\\/#\\\/schema\\\/logo\\\/image\\\/\"},\"sameAs\":[\"https:\\\/\\\/www.facebook.com\\\/kinusevilla\\\/\",\"https:\\\/\\\/x.com\\\/kinusevilla\",\"https:\\\/\\\/www.instagram.com\\\/kinusevilla\\\/\"]}]}<\/script>\n<!-- \/ Yoast SEO plugin. -->","yoast_head_json":{"title":"Kinu - Japanese restaurant specialising in Sushi","description":"C. Miguel Ma\u00f1ara, 11, Casco Antiguo, 41004 Sevilla | Monday - Wednesday 19:00-23:00 | Thursday - Sunday 13:30-16:00\/ 19:00-23:00 | Phone: 649 91 93 79","robots":{"index":"index","follow":"follow","max-snippet":"max-snippet:-1","max-image-preview":"max-image-preview:large","max-video-preview":"max-video-preview:-1"},"canonical":"https:\/\/kinusevilla.com\/en\/localizacion\/","og_locale":"en_GB","og_type":"article","og_title":"Kinu - Restaurante de Japones especializado en Sushi","og_description":"C. Miguel Ma\u00f1ara, 11, Casco Antiguo, 41004 Sevilla | Lunes - Mi\u00e9rcoles 19:00\u201323:00 | Jueves - Domingo 13:30\u201316:00\/ 19:00\u201323:00 | Tel\u00e9fono: 649 91 93 79","og_url":"https:\/\/kinusevilla.com\/en\/localizacion\/","og_site_name":"Kinu","article_publisher":"https:\/\/www.facebook.com\/kinusevilla\/","article_modified_time":"2025-07-01T10:53:02+00:00","og_image":[{"width":2560,"height":1442,"url":"https:\/\/kinusevilla.com\/wp-content\/uploads\/2024\/02\/DSC2794-scaled.jpg","type":"image\/jpeg"}],"twitter_card":"summary_large_image","twitter_site":"@kinusevilla","twitter_misc":{"Estimated reading time":"1 minute"},"schema":{"@context":"https:\/\/schema.org","@graph":[{"@type":"WebPage","@id":"https:\/\/kinusevilla.com\/localizacion\/","url":"https:\/\/kinusevilla.com\/localizacion\/","name":"Kinu - Japanese restaurant specialising in Sushi","isPartOf":{"@id":"https:\/\/kinusevilla.com\/#website"},"primaryImageOfPage":{"@id":"https:\/\/kinusevilla.com\/localizacion\/#primaryimage"},"image":{"@id":"https:\/\/kinusevilla.com\/localizacion\/#primaryimage"},"thumbnailUrl":"https:\/\/kinusevilla.com\/wp-content\/uploads\/2024\/02\/DSC2794-scaled.jpg","datePublished":"2024-02-19T08:02:49+00:00","dateModified":"2025-07-01T10:53:02+00:00","description":"C. Miguel Ma\u00f1ara, 11, Casco Antiguo, 41004 Sevilla | Monday - Wednesday 19:00-23:00 | Thursday - Sunday 13:30-16:00\/ 19:00-23:00 | Phone: 649 91 93 79","breadcrumb":{"@id":"https:\/\/kinusevilla.com\/localizacion\/#breadcrumb"},"inLanguage":"en-GB","potentialAction":[{"@type":"ReadAction","target":["https:\/\/kinusevilla.com\/localizacion\/"]}]},{"@type":"ImageObject","inLanguage":"en-GB","@id":"https:\/\/kinusevilla.com\/localizacion\/#primaryimage","url":"https:\/\/kinusevilla.com\/wp-content\/uploads\/2024\/02\/DSC2794-scaled.jpg","contentUrl":"https:\/\/kinusevilla.com\/wp-content\/uploads\/2024\/02\/DSC2794-scaled.jpg","width":2560,"height":1442},{"@type":"BreadcrumbList","@id":"https:\/\/kinusevilla.com\/localizacion\/#breadcrumb","itemListElement":[{"@type":"ListItem","position":1,"name":"Home","item":"https:\/\/kinusevilla.com\/"},{"@type":"ListItem","position":2,"name":"Restaurante de Japones especializado en Sushi"}]},{"@type":"WebSite","@id":"https:\/\/kinusevilla.com\/#website","url":"https:\/\/kinusevilla.com\/","name":"Kinu","description":"Japanese Restaurant in Seville","publisher":{"@id":"https:\/\/kinusevilla.com\/#organization"},"potentialAction":[{"@type":"SearchAction","target":{"@type":"EntryPoint","urlTemplate":"https:\/\/kinusevilla.com\/?s={search_term_string}"},"query-input":{"@type":"PropertyValueSpecification","valueRequired":true,"valueName":"search_term_string"}}],"inLanguage":"en-GB"},{"@type":"Organization","@id":"https:\/\/kinusevilla.com\/#organization","name":"Kinu","url":"https:\/\/kinusevilla.com\/","logo":{"@type":"ImageObject","inLanguage":"en-GB","@id":"https:\/\/kinusevilla.com\/#\/schema\/logo\/image\/","url":"https:\/\/kinusevilla.com\/wp-content\/uploads\/2023\/08\/kinu-logo.png","contentUrl":"https:\/\/kinusevilla.com\/wp-content\/uploads\/2023\/08\/kinu-logo.png","width":1340,"height":2049,"caption":"Kinu"},"image":{"@id":"https:\/\/kinusevilla.com\/#\/schema\/logo\/image\/"},"sameAs":["https:\/\/www.facebook.com\/kinusevilla\/","https:\/\/x.com\/kinusevilla","https:\/\/www.instagram.com\/kinusevilla\/"]}]}},"_links":{"self":[{"href":"https:\/\/kinusevilla.com\/en\/wp-json\/wp\/v2\/pages\/379","targetHints":{"allow":["GET"]}}],"collection":[{"href":"https:\/\/kinusevilla.com\/en\/wp-json\/wp\/v2\/pages"}],"about":[{"href":"https:\/\/kinusevilla.com\/en\/wp-json\/wp\/v2\/types\/page"}],"author":[{"embeddable":true,"href":"https:\/\/kinusevilla.com\/en\/wp-json\/wp\/v2\/users\/2"}],"replies":[{"embeddable":true,"href":"https:\/\/kinusevilla.com\/en\/wp-json\/wp\/v2\/comments?post=379"}],"version-history":[{"count":84,"href":"https:\/\/kinusevilla.com\/en\/wp-json\/wp\/v2\/pages\/379\/revisions"}],"predecessor-version":[{"id":1295,"href":"https:\/\/kinusevilla.com\/en\/wp-json\/wp\/v2\/pages\/379\/revisions\/1295"}],"wp:featuredmedia":[{"embeddable":true,"href":"https:\/\/kinusevilla.com\/en\/wp-json\/wp\/v2\/media\/430"}],"wp:attachment":[{"href":"https:\/\/kinusevilla.com\/en\/wp-json\/wp\/v2\/media?parent=379"}],"curies":[{"name":"wp","href":"https:\/\/api.w.org\/{rel}","templated":true}]}}