{"id":168,"date":"2023-08-24T13:14:42","date_gmt":"2023-08-24T11:14:42","guid":{"rendered":"https:\/\/jumpers.work\/kinu\/?page_id=168"},"modified":"2026-03-26T14:18:17","modified_gmt":"2026-03-26T13:18:17","slug":"cartas","status":"publish","type":"page","link":"https:\/\/kinusevilla.com\/en\/cartas\/","title":{"rendered":"Menu"},"content":{"rendered":"<div data-elementor-type=\"wp-page\" data-elementor-id=\"168\" class=\"elementor elementor-168\" data-elementor-post-type=\"page\">\n\t\t\t\t\t\t<section class=\"elementor-section elementor-top-section elementor-element elementor-element-406a8e84 elementor-section-full_width elementor-section-content-middle elementor-section-height-min-height elementor-section-items-stretch elementor-section-height-default\" data-id=\"406a8e84\" data-element_type=\"section\" data-e-type=\"section\">\n\t\t\t\t\t\t<div class=\"elementor-container elementor-column-gap-no\">\n\t\t\t\t\t<div class=\"elementor-column elementor-col-100 elementor-top-column elementor-element elementor-element-179fb050\" data-id=\"179fb050\" data-element_type=\"column\" data-e-type=\"column\" data-settings=\"{&quot;background_background&quot;:&quot;classic&quot;}\">\n\t\t\t<div class=\"elementor-widget-wrap elementor-element-populated\">\n\t\t\t\t\t\t<section class=\"elementor-section elementor-inner-section elementor-element elementor-element-21c920e9 elementor-section-boxed elementor-section-height-default elementor-section-height-default\" data-id=\"21c920e9\" data-element_type=\"section\" data-e-type=\"section\">\n\t\t\t\t\t\t<div class=\"elementor-container elementor-column-gap-default\">\n\t\t\t\t\t<div class=\"elementor-column elementor-col-20 elementor-inner-column elementor-element elementor-element-8127a65\" data-id=\"8127a65\" data-element_type=\"column\" data-e-type=\"column\">\n\t\t\t<div class=\"elementor-widget-wrap elementor-element-populated\">\n\t\t\t\t\t\t<div class=\"elementor-element elementor-element-f01bfbe elementor-align-center elementor-mobile-align-justify elementor-widget elementor-widget-button\" data-id=\"f01bfbe\" data-element_type=\"widget\" data-e-type=\"widget\" data-widget_type=\"button.default\">\n\t\t\t\t<div class=\"elementor-widget-container\">\n\t\t\t\t\t<style>.elementor-element-f01bfbe{display:none !important}<\/style>\t\t\t\t<\/div>\n\t\t\t\t<\/div>\n\t\t\t\t<div class=\"elementor-element elementor-element-febdf37 elementor-align-center elementor-mobile-align-justify elementor-widget elementor-widget-button\" data-id=\"febdf37\" data-element_type=\"widget\" data-e-type=\"widget\" data-widget_type=\"button.default\">\n\t\t\t\t<div class=\"elementor-widget-container\">\n\t\t\t\t\t\t\t\t\t<div class=\"elementor-button-wrapper\">\n\t\t\t\t\t<a class=\"elementor-button elementor-button-link elementor-size-sm\" href=\"https:\/\/kinusevilla.com\/wp-content\/uploads\/2025\/04\/FINAL-CARTA-ING.pdf\">\n\t\t\t\t\t\t<span class=\"elementor-button-content-wrapper\">\n\t\t\t\t\t\t\t\t\t<span class=\"elementor-button-text\">Food<\/span>\n\t\t\t\t\t<\/span>\n\t\t\t\t\t<\/a>\n\t\t\t\t<\/div>\n\t\t\t\t\t\t\t\t<\/div>\n\t\t\t\t<\/div>\n\t\t\t\t\t<\/div>\n\t\t<\/div>\n\t\t\t\t<div class=\"elementor-column elementor-col-20 elementor-inner-column elementor-element elementor-element-3f25eb08\" data-id=\"3f25eb08\" data-element_type=\"column\" data-e-type=\"column\">\n\t\t\t<div class=\"elementor-widget-wrap elementor-element-populated\">\n\t\t\t\t\t\t<div class=\"elementor-element elementor-element-82b41fe elementor-align-center elementor-mobile-align-justify elementor-widget elementor-widget-button\" data-id=\"82b41fe\" data-element_type=\"widget\" data-e-type=\"widget\" data-widget_type=\"button.default\">\n\t\t\t\t<div class=\"elementor-widget-container\">\n\t\t\t\t\t<style>.elementor-element-82b41fe{display:none !important}<\/style>\t\t\t\t<\/div>\n\t\t\t\t<\/div>\n\t\t\t\t<div class=\"elementor-element elementor-element-8830678 elementor-align-center elementor-mobile-align-justify elementor-widget elementor-widget-button\" data-id=\"8830678\" data-element_type=\"widget\" data-e-type=\"widget\" data-widget_type=\"button.default\">\n\t\t\t\t<div class=\"elementor-widget-container\">\n\t\t\t\t\t\t\t\t\t<div class=\"elementor-button-wrapper\">\n\t\t\t\t\t<a class=\"elementor-button elementor-button-link elementor-size-sm\" href=\"https:\/\/kinusevilla.com\/wp-content\/uploads\/2026\/03\/Carta-vino-y-sake-3.pdf\">\n\t\t\t\t\t\t<span class=\"elementor-button-content-wrapper\">\n\t\t\t\t\t\t\t\t\t<span class=\"elementor-button-text\">Drinks<\/span>\n\t\t\t\t\t<\/span>\n\t\t\t\t\t<\/a>\n\t\t\t\t<\/div>\n\t\t\t\t\t\t\t\t<\/div>\n\t\t\t\t<\/div>\n\t\t\t\t\t<\/div>\n\t\t<\/div>\n\t\t\t\t<div class=\"elementor-column elementor-col-20 elementor-inner-column elementor-element elementor-element-635b7d9\" data-id=\"635b7d9\" data-element_type=\"column\" data-e-type=\"column\">\n\t\t\t<div class=\"elementor-widget-wrap elementor-element-populated\">\n\t\t\t\t\t\t<div class=\"elementor-element elementor-element-89696db elementor-align-center elementor-mobile-align-justify elementor-widget elementor-widget-button\" data-id=\"89696db\" data-element_type=\"widget\" data-e-type=\"widget\" data-widget_type=\"button.default\">\n\t\t\t\t<div class=\"elementor-widget-container\">\n\t\t\t\t\t<style>.elementor-element-89696db{display:none !important}<\/style>\t\t\t\t<\/div>\n\t\t\t\t<\/div>\n\t\t\t\t<div class=\"elementor-element elementor-element-d467227 elementor-align-center elementor-mobile-align-justify elementor-widget elementor-widget-button\" data-id=\"d467227\" data-element_type=\"widget\" data-e-type=\"widget\" data-widget_type=\"button.default\">\n\t\t\t\t<div class=\"elementor-widget-container\">\n\t\t\t\t\t\t\t\t\t<div class=\"elementor-button-wrapper\">\n\t\t\t\t\t<a class=\"elementor-button elementor-button-link elementor-size-sm\" href=\"https:\/\/kinusevilla.com\/wp-content\/uploads\/2025\/10\/Carta-Cocktails-Ingles.pdf\">\n\t\t\t\t\t\t<span class=\"elementor-button-content-wrapper\">\n\t\t\t\t\t\t\t\t\t<span class=\"elementor-button-text\">Cocktails<\/span>\n\t\t\t\t\t<\/span>\n\t\t\t\t\t<\/a>\n\t\t\t\t<\/div>\n\t\t\t\t\t\t\t\t<\/div>\n\t\t\t\t<\/div>\n\t\t\t\t\t<\/div>\n\t\t<\/div>\n\t\t\t\t<div class=\"elementor-column elementor-col-20 elementor-inner-column elementor-element elementor-element-fcb8cf5\" data-id=\"fcb8cf5\" data-element_type=\"column\" data-e-type=\"column\">\n\t\t\t<div class=\"elementor-widget-wrap elementor-element-populated\">\n\t\t\t\t\t\t<div class=\"elementor-element elementor-element-78333ed elementor-align-center elementor-mobile-align-justify elementor-widget elementor-widget-button\" data-id=\"78333ed\" data-element_type=\"widget\" data-e-type=\"widget\" data-widget_type=\"button.default\">\n\t\t\t\t<div class=\"elementor-widget-container\">\n\t\t\t\t\t<style>.elementor-element-78333ed{display:none !important}<\/style>\t\t\t\t<\/div>\n\t\t\t\t<\/div>\n\t\t\t\t<div class=\"elementor-element elementor-element-09635b1 elementor-align-center elementor-mobile-align-justify elementor-widget elementor-widget-button\" data-id=\"09635b1\" data-element_type=\"widget\" data-e-type=\"widget\" data-widget_type=\"button.default\">\n\t\t\t\t<div class=\"elementor-widget-container\">\n\t\t\t\t\t\t\t\t\t<div class=\"elementor-button-wrapper\">\n\t\t\t\t\t<a class=\"elementor-button elementor-button-link elementor-size-sm\" href=\"https:\/\/kinusevilla.com\/wp-content\/uploads\/2025\/10\/Menu-ejecutivo-ingles.pdf\">\n\t\t\t\t\t\t<span class=\"elementor-button-content-wrapper\">\n\t\t\t\t\t\t\t\t\t<span class=\"elementor-button-text\">Executive Menu<\/span>\n\t\t\t\t\t<\/span>\n\t\t\t\t\t<\/a>\n\t\t\t\t<\/div>\n\t\t\t\t\t\t\t\t<\/div>\n\t\t\t\t<\/div>\n\t\t\t\t\t<\/div>\n\t\t<\/div>\n\t\t\t\t<div class=\"elementor-column elementor-col-20 elementor-inner-column elementor-element elementor-element-3d5265d7\" data-id=\"3d5265d7\" data-element_type=\"column\" data-e-type=\"column\">\n\t\t\t<div class=\"elementor-widget-wrap elementor-element-populated\">\n\t\t\t\t\t\t<div class=\"elementor-element elementor-element-c5c55b4 elementor-align-center elementor-mobile-align-justify elementor-widget elementor-widget-button\" data-id=\"c5c55b4\" data-element_type=\"widget\" data-e-type=\"widget\" data-widget_type=\"button.default\">\n\t\t\t\t<div class=\"elementor-widget-container\">\n\t\t\t\t\t<style>.elementor-element-c5c55b4{display:none !important}<\/style>\t\t\t\t<\/div>\n\t\t\t\t<\/div>\n\t\t\t\t<div class=\"elementor-element elementor-element-5c42e0d elementor-align-center elementor-mobile-align-justify elementor-widget elementor-widget-button\" data-id=\"5c42e0d\" data-element_type=\"widget\" data-e-type=\"widget\" data-widget_type=\"button.default\">\n\t\t\t\t<div class=\"elementor-widget-container\">\n\t\t\t\t\t\t\t\t\t<div class=\"elementor-button-wrapper\">\n\t\t\t\t\t<a class=\"elementor-button elementor-button-link elementor-size-sm\" href=\"https:\/\/kinusevilla.com\/wp-content\/uploads\/2025\/10\/Menu-sala-ingles-1.pdf\">\n\t\t\t\t\t\t<span class=\"elementor-button-content-wrapper\">\n\t\t\t\t\t\t\t\t\t<span class=\"elementor-button-text\">Tasting Menu<\/span>\n\t\t\t\t\t<\/span>\n\t\t\t\t\t<\/a>\n\t\t\t\t<\/div>\n\t\t\t\t\t\t\t\t<\/div>\n\t\t\t\t<\/div>\n\t\t\t\t\t<\/div>\n\t\t<\/div>\n\t\t\t\t\t<\/div>\n\t\t<\/section>\n\t\t\t\t\t<\/div>\n\t\t<\/div>\n\t\t\t\t\t<\/div>\n\t\t<\/section>\n\t\t\t\t<\/div>","protected":false},"excerpt":{"rendered":"<p>Food Drinks Cocktails Executive Menu Tasting Menu Room<\/p>","protected":false},"author":2,"featured_media":0,"parent":0,"menu_order":0,"comment_status":"closed","ping_status":"closed","template":"","meta":{"_acf_changed":false,"footnotes":""},"class_list":["post-168","page","type-page","status-publish","hentry"],"acf":[],"yoast_head":"<!-- This site is optimized with the Yoast SEO plugin v27.3 - https:\/\/yoast.com\/product\/yoast-seo-wordpress\/ -->\n<title>Cartas - Kinu<\/title>\n<meta name=\"robots\" content=\"index, follow, max-snippet:-1, max-image-preview:large, max-video-preview:-1\" \/>\n<link rel=\"canonical\" href=\"https:\/\/kinusevilla.com\/en\/cartas\/\" \/>\n<meta property=\"og:locale\" content=\"en_GB\" \/>\n<meta property=\"og:type\" content=\"article\" \/>\n<meta property=\"og:title\" content=\"Cartas - Kinu\" \/>\n<meta property=\"og:description\" content=\"Comida Bebidas Cocktails Men\u00fa Ejecutivo Men\u00fa Degustaci\u00f3n Sala\" \/>\n<meta property=\"og:url\" content=\"https:\/\/kinusevilla.com\/en\/cartas\/\" \/>\n<meta property=\"og:site_name\" content=\"Kinu\" \/>\n<meta property=\"article:publisher\" content=\"https:\/\/www.facebook.com\/kinusevilla\/\" \/>\n<meta property=\"article:modified_time\" content=\"2026-03-26T13:18:17+00:00\" \/>\n<meta name=\"twitter:card\" content=\"summary_large_image\" \/>\n<meta name=\"twitter:site\" content=\"@kinusevilla\" \/>\n<script type=\"application\/ld+json\" class=\"yoast-schema-graph\">{\"@context\":\"https:\\\/\\\/schema.org\",\"@graph\":[{\"@type\":\"WebPage\",\"@id\":\"https:\\\/\\\/kinusevilla.com\\\/cartas\\\/\",\"url\":\"https:\\\/\\\/kinusevilla.com\\\/cartas\\\/\",\"name\":\"Cartas - Kinu\",\"isPartOf\":{\"@id\":\"https:\\\/\\\/kinusevilla.com\\\/#website\"},\"datePublished\":\"2023-08-24T11:14:42+00:00\",\"dateModified\":\"2026-03-26T13:18:17+00:00\",\"breadcrumb\":{\"@id\":\"https:\\\/\\\/kinusevilla.com\\\/cartas\\\/#breadcrumb\"},\"inLanguage\":\"en-GB\",\"potentialAction\":[{\"@type\":\"ReadAction\",\"target\":[\"https:\\\/\\\/kinusevilla.com\\\/cartas\\\/\"]}]},{\"@type\":\"BreadcrumbList\",\"@id\":\"https:\\\/\\\/kinusevilla.com\\\/cartas\\\/#breadcrumb\",\"itemListElement\":[{\"@type\":\"ListItem\",\"position\":1,\"name\":\"Home\",\"item\":\"https:\\\/\\\/kinusevilla.com\\\/\"},{\"@type\":\"ListItem\",\"position\":2,\"name\":\"Cartas\"}]},{\"@type\":\"WebSite\",\"@id\":\"https:\\\/\\\/kinusevilla.com\\\/#website\",\"url\":\"https:\\\/\\\/kinusevilla.com\\\/\",\"name\":\"Kinu\",\"description\":\"Restaurante Japones en Sevilla\",\"publisher\":{\"@id\":\"https:\\\/\\\/kinusevilla.com\\\/#organization\"},\"potentialAction\":[{\"@type\":\"SearchAction\",\"target\":{\"@type\":\"EntryPoint\",\"urlTemplate\":\"https:\\\/\\\/kinusevilla.com\\\/?s={search_term_string}\"},\"query-input\":{\"@type\":\"PropertyValueSpecification\",\"valueRequired\":true,\"valueName\":\"search_term_string\"}}],\"inLanguage\":\"en-GB\"},{\"@type\":\"Organization\",\"@id\":\"https:\\\/\\\/kinusevilla.com\\\/#organization\",\"name\":\"Kinu\",\"url\":\"https:\\\/\\\/kinusevilla.com\\\/\",\"logo\":{\"@type\":\"ImageObject\",\"inLanguage\":\"en-GB\",\"@id\":\"https:\\\/\\\/kinusevilla.com\\\/#\\\/schema\\\/logo\\\/image\\\/\",\"url\":\"https:\\\/\\\/kinusevilla.com\\\/wp-content\\\/uploads\\\/2023\\\/08\\\/kinu-logo.png\",\"contentUrl\":\"https:\\\/\\\/kinusevilla.com\\\/wp-content\\\/uploads\\\/2023\\\/08\\\/kinu-logo.png\",\"width\":1340,\"height\":2049,\"caption\":\"Kinu\"},\"image\":{\"@id\":\"https:\\\/\\\/kinusevilla.com\\\/#\\\/schema\\\/logo\\\/image\\\/\"},\"sameAs\":[\"https:\\\/\\\/www.facebook.com\\\/kinusevilla\\\/\",\"https:\\\/\\\/x.com\\\/kinusevilla\",\"https:\\\/\\\/www.instagram.com\\\/kinusevilla\\\/\"]}]}<\/script>\n<!-- \/ Yoast SEO plugin. -->","yoast_head_json":{"title":"Letters - Kinu","robots":{"index":"index","follow":"follow","max-snippet":"max-snippet:-1","max-image-preview":"max-image-preview:large","max-video-preview":"max-video-preview:-1"},"canonical":"https:\/\/kinusevilla.com\/en\/cartas\/","og_locale":"en_GB","og_type":"article","og_title":"Cartas - Kinu","og_description":"Comida Bebidas Cocktails Men\u00fa Ejecutivo Men\u00fa Degustaci\u00f3n Sala","og_url":"https:\/\/kinusevilla.com\/en\/cartas\/","og_site_name":"Kinu","article_publisher":"https:\/\/www.facebook.com\/kinusevilla\/","article_modified_time":"2026-03-26T13:18:17+00:00","twitter_card":"summary_large_image","twitter_site":"@kinusevilla","schema":{"@context":"https:\/\/schema.org","@graph":[{"@type":"WebPage","@id":"https:\/\/kinusevilla.com\/cartas\/","url":"https:\/\/kinusevilla.com\/cartas\/","name":"Letters - Kinu","isPartOf":{"@id":"https:\/\/kinusevilla.com\/#website"},"datePublished":"2023-08-24T11:14:42+00:00","dateModified":"2026-03-26T13:18:17+00:00","breadcrumb":{"@id":"https:\/\/kinusevilla.com\/cartas\/#breadcrumb"},"inLanguage":"en-GB","potentialAction":[{"@type":"ReadAction","target":["https:\/\/kinusevilla.com\/cartas\/"]}]},{"@type":"BreadcrumbList","@id":"https:\/\/kinusevilla.com\/cartas\/#breadcrumb","itemListElement":[{"@type":"ListItem","position":1,"name":"Home","item":"https:\/\/kinusevilla.com\/"},{"@type":"ListItem","position":2,"name":"Cartas"}]},{"@type":"WebSite","@id":"https:\/\/kinusevilla.com\/#website","url":"https:\/\/kinusevilla.com\/","name":"Kinu","description":"Japanese Restaurant in Seville","publisher":{"@id":"https:\/\/kinusevilla.com\/#organization"},"potentialAction":[{"@type":"SearchAction","target":{"@type":"EntryPoint","urlTemplate":"https:\/\/kinusevilla.com\/?s={search_term_string}"},"query-input":{"@type":"PropertyValueSpecification","valueRequired":true,"valueName":"search_term_string"}}],"inLanguage":"en-GB"},{"@type":"Organization","@id":"https:\/\/kinusevilla.com\/#organization","name":"Kinu","url":"https:\/\/kinusevilla.com\/","logo":{"@type":"ImageObject","inLanguage":"en-GB","@id":"https:\/\/kinusevilla.com\/#\/schema\/logo\/image\/","url":"https:\/\/kinusevilla.com\/wp-content\/uploads\/2023\/08\/kinu-logo.png","contentUrl":"https:\/\/kinusevilla.com\/wp-content\/uploads\/2023\/08\/kinu-logo.png","width":1340,"height":2049,"caption":"Kinu"},"image":{"@id":"https:\/\/kinusevilla.com\/#\/schema\/logo\/image\/"},"sameAs":["https:\/\/www.facebook.com\/kinusevilla\/","https:\/\/x.com\/kinusevilla","https:\/\/www.instagram.com\/kinusevilla\/"]}]}},"_links":{"self":[{"href":"https:\/\/kinusevilla.com\/en\/wp-json\/wp\/v2\/pages\/168","targetHints":{"allow":["GET"]}}],"collection":[{"href":"https:\/\/kinusevilla.com\/en\/wp-json\/wp\/v2\/pages"}],"about":[{"href":"https:\/\/kinusevilla.com\/en\/wp-json\/wp\/v2\/types\/page"}],"author":[{"embeddable":true,"href":"https:\/\/kinusevilla.com\/en\/wp-json\/wp\/v2\/users\/2"}],"replies":[{"embeddable":true,"href":"https:\/\/kinusevilla.com\/en\/wp-json\/wp\/v2\/comments?post=168"}],"version-history":[{"count":211,"href":"https:\/\/kinusevilla.com\/en\/wp-json\/wp\/v2\/pages\/168\/revisions"}],"predecessor-version":[{"id":1511,"href":"https:\/\/kinusevilla.com\/en\/wp-json\/wp\/v2\/pages\/168\/revisions\/1511"}],"wp:attachment":[{"href":"https:\/\/kinusevilla.com\/en\/wp-json\/wp\/v2\/media?parent=168"}],"curies":[{"name":"wp","href":"https:\/\/api.w.org\/{rel}","templated":true}]}}