{"id":1430,"date":"2026-02-16T12:03:17","date_gmt":"2026-02-16T11:03:17","guid":{"rendered":"https:\/\/kinusevilla.com\/?page_id=1430"},"modified":"2026-02-23T16:18:44","modified_gmt":"2026-02-23T15:18:44","slug":"sol-repsol","status":"publish","type":"page","link":"https:\/\/kinusevilla.com\/en\/sol-repsol\/","title":{"rendered":"Sol Repsol"},"content":{"rendered":"<div data-elementor-type=\"wp-page\" data-elementor-id=\"1430\" class=\"elementor elementor-1430\" data-elementor-post-type=\"page\">\n\t\t\t\t\t\t<section class=\"elementor-section elementor-top-section elementor-element elementor-element-3866a73 elementor-section-boxed elementor-section-height-default elementor-section-height-default\" data-id=\"3866a73\" data-element_type=\"section\" data-e-type=\"section\">\n\t\t\t\t\t\t<div class=\"elementor-container elementor-column-gap-default\">\n\t\t\t\t\t<div class=\"elementor-column elementor-col-100 elementor-top-column elementor-element elementor-element-6228ef5\" data-id=\"6228ef5\" data-element_type=\"column\" data-e-type=\"column\">\n\t\t\t<div class=\"elementor-widget-wrap elementor-element-populated\">\n\t\t\t\t\t\t<div class=\"elementor-element elementor-element-aa5e4be elementor-widget__width-initial elementor-widget elementor-widget-heading\" data-id=\"aa5e4be\" data-element_type=\"widget\" data-e-type=\"widget\" data-widget_type=\"heading.default\">\n\t\t\t\t<div class=\"elementor-widget-container\">\n\t\t\t\t\t<h2 class=\"elementor-heading-title elementor-size-default\">Sol Repsol<\/h2>\t\t\t\t<\/div>\n\t\t\t\t<\/div>\n\t\t\t\t<div class=\"elementor-element elementor-element-b30c8d1 elementor-widget elementor-widget-image\" data-id=\"b30c8d1\" data-element_type=\"widget\" data-e-type=\"widget\" data-widget_type=\"image.default\">\n\t\t\t\t<div class=\"elementor-widget-container\">\n\t\t\t\t\t\t\t\t\t\t\t\t\t\t\t<img fetchpriority=\"high\" decoding=\"async\" width=\"1280\" height=\"1600\" src=\"https:\/\/kinusevilla.com\/wp-content\/uploads\/2026\/02\/WhatsApp-Image-2026-02-17-at-13.40.33.jpeg\" class=\"attachment-full size-full wp-image-1473\" alt=\"\" srcset=\"https:\/\/kinusevilla.com\/wp-content\/uploads\/2026\/02\/WhatsApp-Image-2026-02-17-at-13.40.33.jpeg 1280w, https:\/\/kinusevilla.com\/wp-content\/uploads\/2026\/02\/WhatsApp-Image-2026-02-17-at-13.40.33-240x300.jpeg 240w, https:\/\/kinusevilla.com\/wp-content\/uploads\/2026\/02\/WhatsApp-Image-2026-02-17-at-13.40.33-819x1024.jpeg 819w, https:\/\/kinusevilla.com\/wp-content\/uploads\/2026\/02\/WhatsApp-Image-2026-02-17-at-13.40.33-768x960.jpeg 768w, https:\/\/kinusevilla.com\/wp-content\/uploads\/2026\/02\/WhatsApp-Image-2026-02-17-at-13.40.33-1229x1536.jpeg 1229w, https:\/\/kinusevilla.com\/wp-content\/uploads\/2026\/02\/WhatsApp-Image-2026-02-17-at-13.40.33-10x12.jpeg 10w\" sizes=\"(max-width: 1280px) 100vw, 1280px\" \/>\t\t\t\t\t\t\t\t\t\t\t\t\t\t\t<\/div>\n\t\t\t\t<\/div>\n\t\t\t\t<div class=\"elementor-element elementor-element-a4c3711 elementor-widget elementor-widget-text-editor\" data-id=\"a4c3711\" data-element_type=\"widget\" data-e-type=\"widget\" data-widget_type=\"text-editor.default\">\n\t\t\t\t<div class=\"elementor-widget-container\">\n\t\t\t\t\t\t\t\t\t<p data-start=\"225\" data-end=\"718\" class=\"translation-block\">At <strong data-start=\"228\" data-end=\"269\"><span class=\"hover:entity-accent entity-underline inline cursor-pointer align-baseline\"><span class=\"whitespace-normal\">KINU<\/span><\/span><\/span><\/strong> we are celebrating <strong data-start=\"281\" data-end=\"301\">big celebration<\/strong>: the <strong data-start=\"306\" data-end=\"346\">Repsol Guide has awarded us a <em data-start=\"339\" data-end=\"344\">Sol<\/em><\/strong>, one of the most prestigious awards in Spanish gastronomy that recognises restaurants with an extraordinary culinary proposal. This recognition places us among the must-visit addresses in <strong data-start=\"562\" data-end=\"603\"><span class=\"hover:entity-accent entity-underline inline cursor-pointer align-baseline\"><span class=\"whitespace-normal\">Sevilla<\/span><\/span><\/span><\/strong> and inspires us to continue elevating every dining experience we offer.<\/p><p data-start=\"720\" data-end=\"1087\">The <strong data-start=\"724\" data-end=\"740\">Repsol Suns<\/strong> They value not only the quality of the dishes, but also the personality, the rigour and the link with the culinary culture that make each service memorable. Receiving a Sol means that <strong data-start=\"932\" data-end=\"940\">KINU<\/strong> not only stands out for its cuisine, but also for the unique way in which we tell stories through flavour.<\/p><h2 data-start=\"1089\" data-end=\"1125\">Why has KINU been recognised?<\/h2><p data-start=\"1127\" data-end=\"1511\">Because at KINU <strong data-start=\"1142\" data-end=\"1200\">Bringing authentic Japanese cuisine to the heart of Seville<\/strong> is our passion. Under the baton of our gastronomic team, especially at the bar <strong data-start=\"1293\" data-end=\"1304\">omakase<\/strong>, We combine tradition, the highest quality produce and impeccable technique to offer memorable bites that go beyond a meal: they are sensory experiences.<\/p><p data-start=\"1513\" data-end=\"1802\">We take care of every detail - from the selection of the freshest fish to the precision of each cut - and we believe that excellence is built day by day, with respect for Japanese culture and a creative approach in dialogue with our Andalusian roots.<\/p><p data-start=\"1804\" data-end=\"2006\">And the most beautiful thing of all is that <strong data-start=\"1835\" data-end=\"1867\">our diners know that<\/strong>. Every visit, every recommendation and every opinion drives us to pursue excellence without settling for it. This Sun is also <strong data-start=\"1992\" data-end=\"2003\">your<\/strong>.<\/p><h2 data-start=\"2008\" data-end=\"2041\">A distinction that drives us<\/h2><p data-start=\"2043\" data-end=\"2367\">This Sol from the Repsol Guide is not just a trophy on the wall: it is a reaffirmation that the path we have chosen -that of dedication, detail and emotion in every dish- makes sense. It encourages us to continue exploring, to continue perfecting and, above all, to continue sharing the best of our cuisine with you.<\/p><p data-start=\"2369\" data-end=\"2543\">You can check out our official listing in the Repsol Guide to find out more about our proposal and book your gastronomic experience.<\/p><p data-start=\"2545\" data-end=\"2582\">\ud83d\udc49 <a href=\"https:\/\/www.guiarepsol.com\/es\/fichas\/restaurante\/kinu-sevilla-332674\/\"><strong data-start=\"2548\" data-end=\"2582\">KINU in Repsol Guide - Sol 2026<\/strong><\/a><\/p>\t\t\t\t\t\t\t\t<\/div>\n\t\t\t\t<\/div>\n\t\t\t\t\t<\/div>\n\t\t<\/div>\n\t\t\t\t\t<\/div>\n\t\t<\/section>\n\t\t\t\t<\/div>","protected":false},"excerpt":{"rendered":"<p>Sol Repsol En KINU estamos de gran celebraci\u00f3n: la Gu\u00eda Repsol nos ha otorgado un Sol, uno de los galardones m\u00e1s prestigiosos de la gastronom\u00eda espa\u00f1ola que reconoce a los restaurantes con una propuesta culinaria extraordinaria. Este reconocimiento nos coloca entre las direcciones imprescindibles de Sevilla y nos inspira a seguir elevando cada experiencia gastron\u00f3mica [&hellip;]<\/p>\n","protected":false},"author":5,"featured_media":0,"parent":0,"menu_order":0,"comment_status":"closed","ping_status":"closed","template":"","meta":{"_acf_changed":false,"footnotes":""},"class_list":["post-1430","page","type-page","status-publish","hentry"],"acf":[],"yoast_head":"<!-- This site is optimized with the Yoast SEO plugin v27.3 - https:\/\/yoast.com\/product\/yoast-seo-wordpress\/ -->\n<title>Sol Repsol - Kinu<\/title>\n<meta name=\"robots\" content=\"index, follow, max-snippet:-1, max-image-preview:large, max-video-preview:-1\" \/>\n<link rel=\"canonical\" href=\"https:\/\/kinusevilla.com\/en\/sol-repsol\/\" \/>\n<meta property=\"og:locale\" content=\"en_GB\" \/>\n<meta property=\"og:type\" content=\"article\" \/>\n<meta property=\"og:title\" content=\"Sol Repsol - Kinu\" \/>\n<meta property=\"og:description\" content=\"Sol Repsol En KINU estamos de gran celebraci\u00f3n: la Gu\u00eda Repsol nos ha otorgado un Sol, uno de los galardones m\u00e1s prestigiosos de la gastronom\u00eda espa\u00f1ola que reconoce a los restaurantes con una propuesta culinaria extraordinaria. Este reconocimiento nos coloca entre las direcciones imprescindibles de Sevilla y nos inspira a seguir elevando cada experiencia gastron\u00f3mica [&hellip;]\" \/>\n<meta property=\"og:url\" content=\"https:\/\/kinusevilla.com\/en\/sol-repsol\/\" \/>\n<meta property=\"og:site_name\" content=\"Kinu\" \/>\n<meta property=\"article:publisher\" content=\"https:\/\/www.facebook.com\/kinusevilla\/\" \/>\n<meta property=\"article:modified_time\" content=\"2026-02-23T15:18:44+00:00\" \/>\n<meta property=\"og:image\" content=\"https:\/\/kinusevilla.com\/wp-content\/uploads\/2026\/02\/WhatsApp-Image-2026-02-17-at-13.40.33.jpeg\" \/>\n\t<meta property=\"og:image:width\" content=\"1280\" \/>\n\t<meta property=\"og:image:height\" content=\"1600\" \/>\n\t<meta property=\"og:image:type\" content=\"image\/jpeg\" \/>\n<meta name=\"twitter:card\" content=\"summary_large_image\" \/>\n<meta name=\"twitter:site\" content=\"@kinusevilla\" \/>\n<meta name=\"twitter:label1\" content=\"Estimated reading time\" \/>\n\t<meta name=\"twitter:data1\" content=\"2 minutes\" \/>\n<script type=\"application\/ld+json\" class=\"yoast-schema-graph\">{\"@context\":\"https:\\\/\\\/schema.org\",\"@graph\":[{\"@type\":\"WebPage\",\"@id\":\"https:\\\/\\\/kinusevilla.com\\\/sol-repsol\\\/\",\"url\":\"https:\\\/\\\/kinusevilla.com\\\/sol-repsol\\\/\",\"name\":\"Sol Repsol - Kinu\",\"isPartOf\":{\"@id\":\"https:\\\/\\\/kinusevilla.com\\\/#website\"},\"primaryImageOfPage\":{\"@id\":\"https:\\\/\\\/kinusevilla.com\\\/sol-repsol\\\/#primaryimage\"},\"image\":{\"@id\":\"https:\\\/\\\/kinusevilla.com\\\/sol-repsol\\\/#primaryimage\"},\"thumbnailUrl\":\"https:\\\/\\\/kinusevilla.com\\\/wp-content\\\/uploads\\\/2026\\\/02\\\/WhatsApp-Image-2026-02-17-at-13.40.33.jpeg\",\"datePublished\":\"2026-02-16T11:03:17+00:00\",\"dateModified\":\"2026-02-23T15:18:44+00:00\",\"breadcrumb\":{\"@id\":\"https:\\\/\\\/kinusevilla.com\\\/sol-repsol\\\/#breadcrumb\"},\"inLanguage\":\"en-GB\",\"potentialAction\":[{\"@type\":\"ReadAction\",\"target\":[\"https:\\\/\\\/kinusevilla.com\\\/sol-repsol\\\/\"]}]},{\"@type\":\"ImageObject\",\"inLanguage\":\"en-GB\",\"@id\":\"https:\\\/\\\/kinusevilla.com\\\/sol-repsol\\\/#primaryimage\",\"url\":\"https:\\\/\\\/kinusevilla.com\\\/wp-content\\\/uploads\\\/2026\\\/02\\\/WhatsApp-Image-2026-02-17-at-13.40.33.jpeg\",\"contentUrl\":\"https:\\\/\\\/kinusevilla.com\\\/wp-content\\\/uploads\\\/2026\\\/02\\\/WhatsApp-Image-2026-02-17-at-13.40.33.jpeg\"},{\"@type\":\"BreadcrumbList\",\"@id\":\"https:\\\/\\\/kinusevilla.com\\\/sol-repsol\\\/#breadcrumb\",\"itemListElement\":[{\"@type\":\"ListItem\",\"position\":1,\"name\":\"Home\",\"item\":\"https:\\\/\\\/kinusevilla.com\\\/\"},{\"@type\":\"ListItem\",\"position\":2,\"name\":\"Sol Repsol\"}]},{\"@type\":\"WebSite\",\"@id\":\"https:\\\/\\\/kinusevilla.com\\\/#website\",\"url\":\"https:\\\/\\\/kinusevilla.com\\\/\",\"name\":\"Kinu\",\"description\":\"Restaurante Japones en Sevilla\",\"publisher\":{\"@id\":\"https:\\\/\\\/kinusevilla.com\\\/#organization\"},\"potentialAction\":[{\"@type\":\"SearchAction\",\"target\":{\"@type\":\"EntryPoint\",\"urlTemplate\":\"https:\\\/\\\/kinusevilla.com\\\/?s={search_term_string}\"},\"query-input\":{\"@type\":\"PropertyValueSpecification\",\"valueRequired\":true,\"valueName\":\"search_term_string\"}}],\"inLanguage\":\"en-GB\"},{\"@type\":\"Organization\",\"@id\":\"https:\\\/\\\/kinusevilla.com\\\/#organization\",\"name\":\"Kinu\",\"url\":\"https:\\\/\\\/kinusevilla.com\\\/\",\"logo\":{\"@type\":\"ImageObject\",\"inLanguage\":\"en-GB\",\"@id\":\"https:\\\/\\\/kinusevilla.com\\\/#\\\/schema\\\/logo\\\/image\\\/\",\"url\":\"https:\\\/\\\/kinusevilla.com\\\/wp-content\\\/uploads\\\/2023\\\/08\\\/kinu-logo.png\",\"contentUrl\":\"https:\\\/\\\/kinusevilla.com\\\/wp-content\\\/uploads\\\/2023\\\/08\\\/kinu-logo.png\",\"width\":1340,\"height\":2049,\"caption\":\"Kinu\"},\"image\":{\"@id\":\"https:\\\/\\\/kinusevilla.com\\\/#\\\/schema\\\/logo\\\/image\\\/\"},\"sameAs\":[\"https:\\\/\\\/www.facebook.com\\\/kinusevilla\\\/\",\"https:\\\/\\\/x.com\\\/kinusevilla\",\"https:\\\/\\\/www.instagram.com\\\/kinusevilla\\\/\"]}]}<\/script>\n<!-- \/ Yoast SEO plugin. -->","yoast_head_json":{"title":"Sol Repsol - Kinu","robots":{"index":"index","follow":"follow","max-snippet":"max-snippet:-1","max-image-preview":"max-image-preview:large","max-video-preview":"max-video-preview:-1"},"canonical":"https:\/\/kinusevilla.com\/en\/sol-repsol\/","og_locale":"en_GB","og_type":"article","og_title":"Sol Repsol - Kinu","og_description":"Sol Repsol En KINU estamos de gran celebraci\u00f3n: la Gu\u00eda Repsol nos ha otorgado un Sol, uno de los galardones m\u00e1s prestigiosos de la gastronom\u00eda espa\u00f1ola que reconoce a los restaurantes con una propuesta culinaria extraordinaria. Este reconocimiento nos coloca entre las direcciones imprescindibles de Sevilla y nos inspira a seguir elevando cada experiencia gastron\u00f3mica [&hellip;]","og_url":"https:\/\/kinusevilla.com\/en\/sol-repsol\/","og_site_name":"Kinu","article_publisher":"https:\/\/www.facebook.com\/kinusevilla\/","article_modified_time":"2026-02-23T15:18:44+00:00","og_image":[{"width":1280,"height":1600,"url":"https:\/\/kinusevilla.com\/wp-content\/uploads\/2026\/02\/WhatsApp-Image-2026-02-17-at-13.40.33.jpeg","type":"image\/jpeg"}],"twitter_card":"summary_large_image","twitter_site":"@kinusevilla","twitter_misc":{"Estimated reading time":"2 minutes"},"schema":{"@context":"https:\/\/schema.org","@graph":[{"@type":"WebPage","@id":"https:\/\/kinusevilla.com\/sol-repsol\/","url":"https:\/\/kinusevilla.com\/sol-repsol\/","name":"Sol Repsol - Kinu","isPartOf":{"@id":"https:\/\/kinusevilla.com\/#website"},"primaryImageOfPage":{"@id":"https:\/\/kinusevilla.com\/sol-repsol\/#primaryimage"},"image":{"@id":"https:\/\/kinusevilla.com\/sol-repsol\/#primaryimage"},"thumbnailUrl":"https:\/\/kinusevilla.com\/wp-content\/uploads\/2026\/02\/WhatsApp-Image-2026-02-17-at-13.40.33.jpeg","datePublished":"2026-02-16T11:03:17+00:00","dateModified":"2026-02-23T15:18:44+00:00","breadcrumb":{"@id":"https:\/\/kinusevilla.com\/sol-repsol\/#breadcrumb"},"inLanguage":"en-GB","potentialAction":[{"@type":"ReadAction","target":["https:\/\/kinusevilla.com\/sol-repsol\/"]}]},{"@type":"ImageObject","inLanguage":"en-GB","@id":"https:\/\/kinusevilla.com\/sol-repsol\/#primaryimage","url":"https:\/\/kinusevilla.com\/wp-content\/uploads\/2026\/02\/WhatsApp-Image-2026-02-17-at-13.40.33.jpeg","contentUrl":"https:\/\/kinusevilla.com\/wp-content\/uploads\/2026\/02\/WhatsApp-Image-2026-02-17-at-13.40.33.jpeg"},{"@type":"BreadcrumbList","@id":"https:\/\/kinusevilla.com\/sol-repsol\/#breadcrumb","itemListElement":[{"@type":"ListItem","position":1,"name":"Home","item":"https:\/\/kinusevilla.com\/"},{"@type":"ListItem","position":2,"name":"Sol Repsol"}]},{"@type":"WebSite","@id":"https:\/\/kinusevilla.com\/#website","url":"https:\/\/kinusevilla.com\/","name":"Kinu","description":"Japanese Restaurant in Seville","publisher":{"@id":"https:\/\/kinusevilla.com\/#organization"},"potentialAction":[{"@type":"SearchAction","target":{"@type":"EntryPoint","urlTemplate":"https:\/\/kinusevilla.com\/?s={search_term_string}"},"query-input":{"@type":"PropertyValueSpecification","valueRequired":true,"valueName":"search_term_string"}}],"inLanguage":"en-GB"},{"@type":"Organization","@id":"https:\/\/kinusevilla.com\/#organization","name":"Kinu","url":"https:\/\/kinusevilla.com\/","logo":{"@type":"ImageObject","inLanguage":"en-GB","@id":"https:\/\/kinusevilla.com\/#\/schema\/logo\/image\/","url":"https:\/\/kinusevilla.com\/wp-content\/uploads\/2023\/08\/kinu-logo.png","contentUrl":"https:\/\/kinusevilla.com\/wp-content\/uploads\/2023\/08\/kinu-logo.png","width":1340,"height":2049,"caption":"Kinu"},"image":{"@id":"https:\/\/kinusevilla.com\/#\/schema\/logo\/image\/"},"sameAs":["https:\/\/www.facebook.com\/kinusevilla\/","https:\/\/x.com\/kinusevilla","https:\/\/www.instagram.com\/kinusevilla\/"]}]}},"_links":{"self":[{"href":"https:\/\/kinusevilla.com\/en\/wp-json\/wp\/v2\/pages\/1430","targetHints":{"allow":["GET"]}}],"collection":[{"href":"https:\/\/kinusevilla.com\/en\/wp-json\/wp\/v2\/pages"}],"about":[{"href":"https:\/\/kinusevilla.com\/en\/wp-json\/wp\/v2\/types\/page"}],"author":[{"embeddable":true,"href":"https:\/\/kinusevilla.com\/en\/wp-json\/wp\/v2\/users\/5"}],"replies":[{"embeddable":true,"href":"https:\/\/kinusevilla.com\/en\/wp-json\/wp\/v2\/comments?post=1430"}],"version-history":[{"count":38,"href":"https:\/\/kinusevilla.com\/en\/wp-json\/wp\/v2\/pages\/1430\/revisions"}],"predecessor-version":[{"id":1486,"href":"https:\/\/kinusevilla.com\/en\/wp-json\/wp\/v2\/pages\/1430\/revisions\/1486"}],"wp:attachment":[{"href":"https:\/\/kinusevilla.com\/en\/wp-json\/wp\/v2\/media?parent=1430"}],"curies":[{"name":"wp","href":"https:\/\/api.w.org\/{rel}","templated":true}]}}