{"id":1006,"date":"2024-11-27T13:22:25","date_gmt":"2024-11-27T12:22:25","guid":{"rendered":"https:\/\/kinusevilla.com\/?page_id=1006"},"modified":"2024-11-27T13:38:44","modified_gmt":"2024-11-27T12:38:44","slug":"politica-de-reservas","status":"publish","type":"page","link":"https:\/\/kinusevilla.com\/en\/politica-de-reservas\/","title":{"rendered":"Reservation Policy"},"content":{"rendered":"<div data-elementor-type=\"wp-page\" data-elementor-id=\"1006\" class=\"elementor elementor-1006\" data-elementor-post-type=\"page\">\n\t\t\t\t\t\t<section class=\"elementor-section elementor-top-section elementor-element elementor-element-1dc14ab elementor-section-boxed elementor-section-height-default elementor-section-height-default\" data-id=\"1dc14ab\" data-element_type=\"section\" data-e-type=\"section\">\n\t\t\t\t\t\t<div class=\"elementor-container elementor-column-gap-default\">\n\t\t\t\t\t<div class=\"elementor-column elementor-col-100 elementor-top-column elementor-element elementor-element-dd1e5d6\" data-id=\"dd1e5d6\" data-element_type=\"column\" data-e-type=\"column\">\n\t\t\t<div class=\"elementor-widget-wrap elementor-element-populated\">\n\t\t\t\t\t\t<div class=\"elementor-element elementor-element-31d44ce elementor-widget__width-initial elementor-widget elementor-widget-heading\" data-id=\"31d44ce\" data-element_type=\"widget\" data-e-type=\"widget\" data-widget_type=\"heading.default\">\n\t\t\t\t<div class=\"elementor-widget-container\">\n\t\t\t\t\t<h2 class=\"elementor-heading-title elementor-size-default\">Reservation Conditions<\/h2>\t\t\t\t<\/div>\n\t\t\t\t<\/div>\n\t\t\t\t<div class=\"elementor-element elementor-element-6a41b55 elementor-widget elementor-widget-text-editor\" data-id=\"6a41b55\" data-element_type=\"widget\" data-e-type=\"widget\" data-widget_type=\"text-editor.default\">\n\t\t\t\t<div class=\"elementor-widget-container\">\n\t\t\t\t\t\t\t\t\t<p class=\"p1\">- Reservation Duration: All reservations made at Kinu Sevilla have a maximum duration of 1 hour and 30 minutes from the confirmed time.<\/p>\n<p>- Reservation Extension: If availability allows, it will be possible to extend the assigned time for the table. This extension will be assessed by our team at the moment and cannot be guaranteed in advance.<\/p>\n<p>- Punctuality Commitment: We kindly ask our customers to respect the reserved time. A delay of more than 15 minutes may result in the cancellation of the reservation.<\/p>\n<p>- Cancellation Policy: If you are unable to attend your reservation, we kindly ask that you notify us as far in advance as possible so we can offer the table to other customers.<\/p>\t\t\t\t\t\t\t\t<\/div>\n\t\t\t\t<\/div>\n\t\t\t\t\t<\/div>\n\t\t<\/div>\n\t\t\t\t\t<\/div>\n\t\t<\/section>\n\t\t\t\t<\/div>","protected":false},"excerpt":{"rendered":"<p>Condiciones de la Reserva &#8211; Duraci\u00f3n de las reservas: Todas las reservas realizadas en Kinu Sevilla tienen una duraci\u00f3n m\u00e1xima de 1 hora y 30 minutos desde la hora confirmada. &#8211; Pr\u00f3rroga de la reserva: En caso de que haya disponibilidad, ser\u00e1 posible extender el tiempo asignado a la mesa. Esta ampliaci\u00f3n ser\u00e1 evaluada por [&hellip;]<\/p>\n","protected":false},"author":5,"featured_media":0,"parent":0,"menu_order":0,"comment_status":"closed","ping_status":"closed","template":"","meta":{"_acf_changed":false,"footnotes":""},"class_list":["post-1006","page","type-page","status-publish","hentry"],"acf":[],"yoast_head":"<!-- This site is optimized with the Yoast SEO plugin v27.5 - https:\/\/yoast.com\/product\/yoast-seo-wordpress\/ -->\n<title>Pol\u00edtica de Reservas - Kinu<\/title>\n<meta name=\"robots\" content=\"noindex, nofollow\" \/>\n<meta property=\"og:locale\" content=\"en_GB\" \/>\n<meta property=\"og:type\" content=\"article\" \/>\n<meta property=\"og:title\" content=\"Pol\u00edtica de Reservas - Kinu\" \/>\n<meta property=\"og:description\" content=\"Condiciones de la Reserva &#8211; Duraci\u00f3n de las reservas: Todas las reservas realizadas en Kinu Sevilla tienen una duraci\u00f3n m\u00e1xima de 1 hora y 30 minutos desde la hora confirmada. &#8211; Pr\u00f3rroga de la reserva: En caso de que haya disponibilidad, ser\u00e1 posible extender el tiempo asignado a la mesa. Esta ampliaci\u00f3n ser\u00e1 evaluada por [&hellip;]\" \/>\n<meta property=\"og:url\" content=\"https:\/\/kinusevilla.com\/en\/politica-de-reservas\/\" \/>\n<meta property=\"og:site_name\" content=\"Kinu\" \/>\n<meta property=\"article:publisher\" content=\"https:\/\/www.facebook.com\/kinusevilla\/\" \/>\n<meta property=\"article:modified_time\" content=\"2024-11-27T12:38:44+00:00\" \/>\n<meta name=\"twitter:card\" content=\"summary_large_image\" \/>\n<meta name=\"twitter:site\" content=\"@kinusevilla\" \/>\n<meta name=\"twitter:label1\" content=\"Estimated reading time\" \/>\n\t<meta name=\"twitter:data1\" content=\"1 minute\" \/>\n<script type=\"application\/ld+json\" class=\"yoast-schema-graph\">{\"@context\":\"https:\\\/\\\/schema.org\",\"@graph\":[{\"@type\":\"WebPage\",\"@id\":\"https:\\\/\\\/kinusevilla.com\\\/politica-de-reservas\\\/\",\"url\":\"https:\\\/\\\/kinusevilla.com\\\/politica-de-reservas\\\/\",\"name\":\"Pol\u00edtica de Reservas - Kinu\",\"isPartOf\":{\"@id\":\"https:\\\/\\\/kinusevilla.com\\\/#website\"},\"datePublished\":\"2024-11-27T12:22:25+00:00\",\"dateModified\":\"2024-11-27T12:38:44+00:00\",\"breadcrumb\":{\"@id\":\"https:\\\/\\\/kinusevilla.com\\\/politica-de-reservas\\\/#breadcrumb\"},\"inLanguage\":\"en-GB\",\"potentialAction\":[{\"@type\":\"ReadAction\",\"target\":[\"https:\\\/\\\/kinusevilla.com\\\/politica-de-reservas\\\/\"]}]},{\"@type\":\"BreadcrumbList\",\"@id\":\"https:\\\/\\\/kinusevilla.com\\\/politica-de-reservas\\\/#breadcrumb\",\"itemListElement\":[{\"@type\":\"ListItem\",\"position\":1,\"name\":\"Home\",\"item\":\"https:\\\/\\\/kinusevilla.com\\\/\"},{\"@type\":\"ListItem\",\"position\":2,\"name\":\"Pol\u00edtica de Reservas\"}]},{\"@type\":\"WebSite\",\"@id\":\"https:\\\/\\\/kinusevilla.com\\\/#website\",\"url\":\"https:\\\/\\\/kinusevilla.com\\\/\",\"name\":\"Kinu\",\"description\":\"Restaurante Japones en Sevilla\",\"publisher\":{\"@id\":\"https:\\\/\\\/kinusevilla.com\\\/#organization\"},\"potentialAction\":[{\"@type\":\"SearchAction\",\"target\":{\"@type\":\"EntryPoint\",\"urlTemplate\":\"https:\\\/\\\/kinusevilla.com\\\/?s={search_term_string}\"},\"query-input\":{\"@type\":\"PropertyValueSpecification\",\"valueRequired\":true,\"valueName\":\"search_term_string\"}}],\"inLanguage\":\"en-GB\"},{\"@type\":\"Organization\",\"@id\":\"https:\\\/\\\/kinusevilla.com\\\/#organization\",\"name\":\"Kinu\",\"url\":\"https:\\\/\\\/kinusevilla.com\\\/\",\"logo\":{\"@type\":\"ImageObject\",\"inLanguage\":\"en-GB\",\"@id\":\"https:\\\/\\\/kinusevilla.com\\\/#\\\/schema\\\/logo\\\/image\\\/\",\"url\":\"https:\\\/\\\/kinusevilla.com\\\/wp-content\\\/uploads\\\/2023\\\/08\\\/kinu-logo.png\",\"contentUrl\":\"https:\\\/\\\/kinusevilla.com\\\/wp-content\\\/uploads\\\/2023\\\/08\\\/kinu-logo.png\",\"width\":1340,\"height\":2049,\"caption\":\"Kinu\"},\"image\":{\"@id\":\"https:\\\/\\\/kinusevilla.com\\\/#\\\/schema\\\/logo\\\/image\\\/\"},\"sameAs\":[\"https:\\\/\\\/www.facebook.com\\\/kinusevilla\\\/\",\"https:\\\/\\\/x.com\\\/kinusevilla\",\"https:\\\/\\\/www.instagram.com\\\/kinusevilla\\\/\"]}]}<\/script>\n<!-- \/ Yoast SEO plugin. -->","yoast_head_json":{"title":"Booking Policy - Kinu","robots":{"index":"noindex","follow":"nofollow"},"og_locale":"en_GB","og_type":"article","og_title":"Pol\u00edtica de Reservas - Kinu","og_description":"Condiciones de la Reserva &#8211; Duraci\u00f3n de las reservas: Todas las reservas realizadas en Kinu Sevilla tienen una duraci\u00f3n m\u00e1xima de 1 hora y 30 minutos desde la hora confirmada. &#8211; Pr\u00f3rroga de la reserva: En caso de que haya disponibilidad, ser\u00e1 posible extender el tiempo asignado a la mesa. Esta ampliaci\u00f3n ser\u00e1 evaluada por [&hellip;]","og_url":"https:\/\/kinusevilla.com\/en\/politica-de-reservas\/","og_site_name":"Kinu","article_publisher":"https:\/\/www.facebook.com\/kinusevilla\/","article_modified_time":"2024-11-27T12:38:44+00:00","twitter_card":"summary_large_image","twitter_site":"@kinusevilla","twitter_misc":{"Estimated reading time":"1 minute"},"schema":{"@context":"https:\/\/schema.org","@graph":[{"@type":"WebPage","@id":"https:\/\/kinusevilla.com\/politica-de-reservas\/","url":"https:\/\/kinusevilla.com\/politica-de-reservas\/","name":"Booking Policy - Kinu","isPartOf":{"@id":"https:\/\/kinusevilla.com\/#website"},"datePublished":"2024-11-27T12:22:25+00:00","dateModified":"2024-11-27T12:38:44+00:00","breadcrumb":{"@id":"https:\/\/kinusevilla.com\/politica-de-reservas\/#breadcrumb"},"inLanguage":"en-GB","potentialAction":[{"@type":"ReadAction","target":["https:\/\/kinusevilla.com\/politica-de-reservas\/"]}]},{"@type":"BreadcrumbList","@id":"https:\/\/kinusevilla.com\/politica-de-reservas\/#breadcrumb","itemListElement":[{"@type":"ListItem","position":1,"name":"Home","item":"https:\/\/kinusevilla.com\/"},{"@type":"ListItem","position":2,"name":"Pol\u00edtica de Reservas"}]},{"@type":"WebSite","@id":"https:\/\/kinusevilla.com\/#website","url":"https:\/\/kinusevilla.com\/","name":"Kinu","description":"Japanese Restaurant in Seville","publisher":{"@id":"https:\/\/kinusevilla.com\/#organization"},"potentialAction":[{"@type":"SearchAction","target":{"@type":"EntryPoint","urlTemplate":"https:\/\/kinusevilla.com\/?s={search_term_string}"},"query-input":{"@type":"PropertyValueSpecification","valueRequired":true,"valueName":"search_term_string"}}],"inLanguage":"en-GB"},{"@type":"Organization","@id":"https:\/\/kinusevilla.com\/#organization","name":"Kinu","url":"https:\/\/kinusevilla.com\/","logo":{"@type":"ImageObject","inLanguage":"en-GB","@id":"https:\/\/kinusevilla.com\/#\/schema\/logo\/image\/","url":"https:\/\/kinusevilla.com\/wp-content\/uploads\/2023\/08\/kinu-logo.png","contentUrl":"https:\/\/kinusevilla.com\/wp-content\/uploads\/2023\/08\/kinu-logo.png","width":1340,"height":2049,"caption":"Kinu"},"image":{"@id":"https:\/\/kinusevilla.com\/#\/schema\/logo\/image\/"},"sameAs":["https:\/\/www.facebook.com\/kinusevilla\/","https:\/\/x.com\/kinusevilla","https:\/\/www.instagram.com\/kinusevilla\/"]}]}},"_links":{"self":[{"href":"https:\/\/kinusevilla.com\/en\/wp-json\/wp\/v2\/pages\/1006","targetHints":{"allow":["GET"]}}],"collection":[{"href":"https:\/\/kinusevilla.com\/en\/wp-json\/wp\/v2\/pages"}],"about":[{"href":"https:\/\/kinusevilla.com\/en\/wp-json\/wp\/v2\/types\/page"}],"author":[{"embeddable":true,"href":"https:\/\/kinusevilla.com\/en\/wp-json\/wp\/v2\/users\/5"}],"replies":[{"embeddable":true,"href":"https:\/\/kinusevilla.com\/en\/wp-json\/wp\/v2\/comments?post=1006"}],"version-history":[{"count":14,"href":"https:\/\/kinusevilla.com\/en\/wp-json\/wp\/v2\/pages\/1006\/revisions"}],"predecessor-version":[{"id":1022,"href":"https:\/\/kinusevilla.com\/en\/wp-json\/wp\/v2\/pages\/1006\/revisions\/1022"}],"wp:attachment":[{"href":"https:\/\/kinusevilla.com\/en\/wp-json\/wp\/v2\/media?parent=1006"}],"curies":[{"name":"wp","href":"https:\/\/api.w.org\/{rel}","templated":true}]}}